{"id":98,"date":"2022-02-17T11:22:05","date_gmt":"2022-02-17T10:22:05","guid":{"rendered":"https:\/\/www.altosor-communication.com\/guyane\/?page_id=98"},"modified":"2022-10-28T19:04:49","modified_gmt":"2022-10-28T17:04:49","slug":"mentions-legales","status":"publish","type":"page","link":"https:\/\/www.altosor-communication.com\/guadeloupe\/mentions-legales\/","title":{"rendered":"Mentions l\u00e9gales"},"content":{"rendered":"\t\t<div data-elementor-type=\"wp-page\" data-elementor-id=\"98\" class=\"elementor elementor-98\" data-elementor-post-type=\"page\">\n\t\t\t\t\t\t<section class=\"elementor-section elementor-top-section elementor-element elementor-element-88ee6cd elementor-section-boxed elementor-section-height-default elementor-section-height-default\" data-id=\"88ee6cd\" data-element_type=\"section\" data-e-type=\"section\" data-settings=\"{&quot;jet_parallax_layout_list&quot;:[],&quot;background_background&quot;:&quot;classic&quot;}\">\n\t\t\t\t\t\t\t<div class=\"elementor-background-overlay\"><\/div>\n\t\t\t\t\t\t\t<div class=\"elementor-container elementor-column-gap-default\">\n\t\t\t\t\t<div class=\"elementor-column elementor-col-100 elementor-top-column elementor-element elementor-element-3e72600\" data-id=\"3e72600\" data-element_type=\"column\" data-e-type=\"column\">\n\t\t\t<div class=\"elementor-widget-wrap elementor-element-populated\">\n\t\t\t\t\t\t<div class=\"elementor-element elementor-element-6c77f60 elementor-widget elementor-widget-spacer\" data-id=\"6c77f60\" data-element_type=\"widget\" data-e-type=\"widget\" data-widget_type=\"spacer.default\">\n\t\t\t\t<div class=\"elementor-widget-container\">\n\t\t\t\t\t\t\t<div class=\"elementor-spacer\">\n\t\t\t<div class=\"elementor-spacer-inner\"><\/div>\n\t\t<\/div>\n\t\t\t\t\t\t<\/div>\n\t\t\t\t<\/div>\n\t\t\t\t\t<\/div>\n\t\t<\/div>\n\t\t\t\t\t<\/div>\n\t\t<\/section>\n\t\t\t\t<section class=\"elementor-section elementor-top-section elementor-element elementor-element-44ab2bb elementor-section-boxed elementor-section-height-default elementor-section-height-default\" data-id=\"44ab2bb\" data-element_type=\"section\" data-e-type=\"section\" data-settings=\"{&quot;jet_parallax_layout_list&quot;:[]}\">\n\t\t\t\t\t\t<div class=\"elementor-container elementor-column-gap-default\">\n\t\t\t\t\t<div class=\"elementor-column elementor-col-100 elementor-top-column elementor-element elementor-element-6646956\" data-id=\"6646956\" data-element_type=\"column\" data-e-type=\"column\">\n\t\t\t<div class=\"elementor-widget-wrap elementor-element-populated\">\n\t\t\t\t\t\t<div class=\"elementor-element elementor-element-1b72caf elementor-widget elementor-widget-text-editor\" data-id=\"1b72caf\" data-element_type=\"widget\" data-e-type=\"widget\" data-widget_type=\"text-editor.default\">\n\t\t\t\t<div class=\"elementor-widget-container\">\n\t\t\t\t\t\t\t\t\t<h1><strong>Mentions l\u00e9gales et Politique de confidentialit\u00e9<\/strong><\/h1><p>Le site Internet <a href=\"https:\/\/altosor-communication-martinique.com\/\" target=\"_blank\" rel=\"noopener\"><u><strong>https:\/\/altosor-communication.com\/guadeloupe\/<\/strong><\/u><\/a><strong>\u00a0<\/strong>est \u00e9dit\u00e9 par <strong>ALTOSOR SAS<\/strong>, <strong>soci\u00e9t\u00e9 par actions simplifi\u00e9es<\/strong> au capital social de 1000 euros, immatricul\u00e9e au RCS de Paris sous le n\u00b0 884 228 412, dont le si\u00e8ge social est situ\u00e9 128 rue de la Bo\u00e9tie 75008 \u00e0 Paris, dont la pr\u00e9sidence est assur\u00e9e par M. C. Nasser, d\u00e9nomm\u00e9 ci-apr\u00e8s <strong>Le Pr\u00e9sident<\/strong>.<\/p><p>Directeur de la publication : <strong>Le Pr\u00e9sident<\/strong> de la SAS Altosor<\/p><p>Num\u00e9ro de t\u00e9l\u00e9phone de contact : <strong>+59<\/strong><strong>0<\/strong><strong>\u00a059<\/strong><strong>0<\/strong><strong>\u00a0<\/strong><strong>69<\/strong><strong>\u00a0<\/strong><strong>63<\/strong><strong>\u00a0<\/strong><strong>26<\/strong><\/p><p>Email de contact : <strong>contact [@] altosor.com <\/strong><\/p><p>Le site <a href=\"https:\/\/www.altosor-communication.com\/guyane\/\"><u><strong>https:\/\/altosor-communication.com\/guadeloupe\/<\/strong><\/u><\/a> est h\u00e9berg\u00e9 par la soci\u00e9t\u00e9 OVH, situ\u00e9e 2 rue Kellermann \u00e0 Roubaix (59100)<\/p><p>\u00a0<\/p><p><strong>PROPRI\u00c9T\u00c9 INTELLECTUELLE<\/strong><\/p><p>Tous les \u00e9l\u00e9ments composant le site <a href=\"https:\/\/altosor-communication.com\/guadeloupe\/\"><u><strong>https:\/\/altosor-communication.com\/guadeloupe\/<\/strong><\/u><\/a><strong>\u00a0<\/strong>(textes, nom de domaine, images, charte graphique, logo, base de donn\u00e9es, etc\u2026) sont strictement prot\u00e9g\u00e9s par les droits de la propri\u00e9t\u00e9 intellectuelle et de la concurrence d\u00e9loyale, et sont la propri\u00e9t\u00e9 exclusive de la <strong>ALTOSOR SAS<\/strong>.<\/p><p>Toute reproduction ou repr\u00e9sentation totale ou partielle du site <a href=\"https:\/\/altosor-communication.com\/guadeloupe\/\"><u><strong>https:\/\/altosor-communication.com\/guadeloupe\/<\/strong><\/u><\/a><strong>\u00a0<\/strong>et\/ou de l\u2019un ou plusieurs de ses \u00e9l\u00e9ments est strictement interdite, sauf autorisation \u00e9crite pr\u00e9alable de la <strong>ALTOSOR SAS<\/strong>.<\/p><p>\u00a0<\/p><p><strong>PROTECTION DES DONNEES \u00c0 CARACTERE PERSONNEL<\/strong><\/p><p><strong>Collecte, traitement et conservation.<\/strong>\u00a0<\/p><p>La <strong>ALTOSOR SAS<\/strong> recueille des informations et donn\u00e9es \u00e0 caract\u00e8re personnel lorsque vous remplissez une demande de devis via le formulaire accessible sur le site <strong>https:\/\/altosor-communication.com\/guadeloupe\/<\/strong>.<\/p><p>Le traitement des donn\u00e9es \u00e0 caract\u00e8re personnel est fond\u00e9 sur l\u2019int\u00e9r\u00eat l\u00e9gitime de la <strong>ALTOSOR SAS<\/strong> \u00e0 pouvoir vous identifier, prendre attache avec vous,<br \/>\u00a0et r\u00e9pondre \u00e0 vos demandes de devis et\/ou d\u2019informations. Les donn\u00e9es \u00e0 caract\u00e8re personnel sont conserv\u00e9es pendant toute la dur\u00e9e de la relation<br \/>\u00a0client, augment\u00e9e d\u2019un d\u00e9lai de 5 ans.<\/p><p>S\u2019agissant des donn\u00e9es \u00e0 caract\u00e8re personnel des prospects n\u2019avant pas mandat\u00e9 la <strong>ALTOSOR SAS<\/strong> pour l\u2019une ou l\u2019autre de ses activit\u00e9s, les donn\u00e9es sont conserv\u00e9es<br \/>\u00a0pendant une dur\u00e9e de 3 ans \u00e0 compter du jour o\u00f9 le formulaire du cabinet a \u00e9t\u00e9 compl\u00e9t\u00e9 et envoy\u00e9.<\/p><p><strong>Droits<\/strong>.<\/p><p>Conform\u00e9ment \u00e0 la loi informatique et libert\u00e9s n\u00b078-17 du 6 janvier 1978 modifi\u00e9e et au R\u00e8glement G\u00e9n\u00e9ral sur la Protection des Donn\u00e9es 2016\/679 (dit : \u00ab RGPD \u00bb), vous disposez d\u2019un droit d\u2019acc\u00e8s, de limitation, de modification, de rectification, d\u2019opposition, et d\u2019effacement des donn\u00e9es vous concernant.<\/p><p>Toute demande en ce sens doit \u00eatre adress\u00e9e au <strong>Pr\u00e9sident<\/strong>, \u00e0 l\u2019adresse email suivante : <strong>contact [@] altosor.com<\/strong><\/p><p>Compte tenu de l\u2019obligation de s\u00e9curit\u00e9 et de confidentialit\u00e9 \u00e0 laquelle est tenue la <strong>ALTOSOR SAS<\/strong> dans le traitement des donn\u00e9es \u00e0 caract\u00e8re personnel, le Pr\u00e9sident<br \/>\u00a0pourra exiger des \u00e9l\u00e9ments permettant de justifier votre identit\u00e9. En cas de doute raisonnable sur votre identit\u00e9, il pourra vous demander de lui fournir<br \/>\u00a0une copie d\u2019un titre d\u2019identit\u00e9 (carte d\u2019identit\u00e9, passeport, permis de conduire).<\/p><p><strong>Le Pr\u00e9sident<\/strong> vous r\u00e9pondra dans un d\u00e9lai maximal d\u2019un mois suivant la r\u00e9ception de votre demande.<\/p><p><strong>Confidentialit\u00e9<\/strong>.<\/p><p><strong>ALTOSOR SAS<\/strong> est seule propri\u00e9taire des informations recueillies sur le site <strong>https:\/\/altosor-communication.com\/guadeloupe\/<\/strong>. Vos informations personnelles ne seront pas vendues, \u00e9chang\u00e9es, transf\u00e9r\u00e9es, ou donn\u00e9es \u00e0 une autre soci\u00e9t\u00e9 \u00e0 des fins commerciales, sans votre consentement.<\/p><p>Ces donn\u00e9es pourront en revanche \u00eatre confi\u00e9es \u00e0 des sous-traitants pour la bonne ex\u00e9cution des services propos\u00e9s sur le site ou \u00e0 des tiers responsables de la gestion<br \/>\u00a0et\/ou du fonctionnement du site, lesquels ne sont en aucun cas autoris\u00e9s \u00e0 utiliser \u00e0 des fins \u00e9trang\u00e8res au strict p\u00e9rim\u00e8tre de leur mission ou \u00e0 vendre,<br \/>\u00a0\u00e9changer ou transf\u00e9rer vos donn\u00e9es \u00e0 des tiers.<\/p><p>Vos donn\u00e9es \u00e0 caract\u00e8re personnel ne pourront \u00eatre divulgu\u00e9es qu\u2019en application d\u2019une loi, d\u2019un r\u00e8glement ou en vertu d\u2019une d\u00e9cision de justice.<\/p><p><strong>Cookies<\/strong>.<\/p><p>Lorsque vous vous connectez au site <strong>https:\/\/altosor-communication.com\/guadeloupe\/<\/strong>, <strong>ALTOSOR SAS<\/strong> pourra proc\u00e9der \u00e0 l\u2019implantation d\u2019un cookie sur le disque dur de votre terminal afin de vous garantir une navigation fluide et optimale.<\/p><p>Les \u00ab cookies \u00bb (\u00e9galement appel\u00e9s \u00ab t\u00e9moins de connexion \u00bb) permettent \u00e0 <strong>ALTOSOR SAS<\/strong> de reconna\u00eetre votre ordinateur, votre tablette ou votre mobile aux<br \/>\u00a0fins de personnaliser les services que propos\u00e9s \u00e0 travers le site du cabinet.<\/p><p>Pour vous en informer, un bandeau s\u2019affiche au bas de votre \u00e9cran lors de votre connexion au site internet. Vous pouvez refuser \u00e0 tout moment le d\u00e9p\u00f4t de cookies sur votre terminal en param\u00e9trant votre navigateur internet. Dans une telle hypoth\u00e8se, <strong>ALTOSOR SAS<\/strong> ne pourra toutefois vous garantir le fonctionnement optimal de son site internet et ne saurait ainsi \u00eatre tenue responsable des \u00e9ventuelles cons\u00e9quences li\u00e9es \u00e0 l\u2019alt\u00e9ration de vos conditions de navigation sur le site qui r\u00e9sulteraient de votre choix de refuser ou de bloquer les cookies n\u00e9cessaires au bon fonctionnement de celui-ci.<\/p><p>Pour vous guider dans vos param\u00e9trages, la CNIL a mis au point une page d\u00e9di\u00e9e \u00e0 la maitrise des cookies, consultable \u00e0 travers le lien suivant : https:\/\/www.cnil.fr\/fr\/cookies-les-outils-pour-les-maitriser.<\/p><p>Conform\u00e9ment aux recommandations de la CNIL, les cookies strictement n\u00e9cessaires au fonctionnement du site internet ne sont soumis \u00e0 aucune obligation pr\u00e9alable de votre part. En revanche, votre accord expr\u00e8s est exig\u00e9 pr\u00e9alablement \u00e0 l\u2019utilisation de cookies \u00e9mis par des tiers, lesquels sont soumis aux politiques de confidentialit\u00e9 de ces derniers, consultables sur leurs sites internet. Ces cookies peuvent \u00eatre des cookies de mesure d\u2019audience, des cookies publicitaires, ou encore des cookies de partage de r\u00e9seaux sociaux.<\/p><p><strong>Recours.<\/strong>\u00a0<\/p><p>Si vous estimez que <strong>ALTOSOR SAS<\/strong> ne respecte pas ses obligations au regard de la collecte et du traitement de vos donn\u00e9es personnelles, vous pouvez adresser une plainte \u00e0 la CNIL par courrier ou par voie \u00e9lectronique \u00e0 travers le lien suivant : https:\/\/www.cnil.fr\/fr\/plaintes\/internet.<\/p><p><strong>\u2013 Octobre 2021 \u2013<\/strong><\/p><p>\u00a0<\/p>\t\t\t\t\t\t\t\t<\/div>\n\t\t\t\t<\/div>\n\t\t\t\t\t<\/div>\n\t\t<\/div>\n\t\t\t\t\t<\/div>\n\t\t<\/section>\n\t\t\t\t<\/div>\n\t\t","protected":false},"excerpt":{"rendered":"<p>Mentions l\u00e9gales et Politique de confidentialit\u00e9 Le site Internet https:\/\/altosor-communication.com\/guadeloupe\/\u00a0est \u00e9dit\u00e9 par ALTOSOR SAS, soci\u00e9t\u00e9 par actions simplifi\u00e9es au capital social de 1000 euros, immatricul\u00e9e au RCS de Paris sous le n\u00b0 884 228 412, dont le si\u00e8ge social est situ\u00e9 128 rue de la Bo\u00e9tie 75008 \u00e0 Paris, dont la pr\u00e9sidence est assur\u00e9e par [&hellip;]<\/p>\n","protected":false},"author":1,"featured_media":290,"parent":0,"menu_order":0,"comment_status":"closed","ping_status":"closed","template":"","meta":{"footnotes":""},"class_list":["post-98","page","type-page","status-publish","has-post-thumbnail","hentry"],"_links":{"self":[{"href":"https:\/\/www.altosor-communication.com\/guadeloupe\/wp-json\/wp\/v2\/pages\/98","targetHints":{"allow":["GET"]}}],"collection":[{"href":"https:\/\/www.altosor-communication.com\/guadeloupe\/wp-json\/wp\/v2\/pages"}],"about":[{"href":"https:\/\/www.altosor-communication.com\/guadeloupe\/wp-json\/wp\/v2\/types\/page"}],"author":[{"embeddable":true,"href":"https:\/\/www.altosor-communication.com\/guadeloupe\/wp-json\/wp\/v2\/users\/1"}],"replies":[{"embeddable":true,"href":"https:\/\/www.altosor-communication.com\/guadeloupe\/wp-json\/wp\/v2\/comments?post=98"}],"version-history":[{"count":0,"href":"https:\/\/www.altosor-communication.com\/guadeloupe\/wp-json\/wp\/v2\/pages\/98\/revisions"}],"wp:featuredmedia":[{"embeddable":true,"href":"https:\/\/www.altosor-communication.com\/guadeloupe\/wp-json\/wp\/v2\/media\/290"}],"wp:attachment":[{"href":"https:\/\/www.altosor-communication.com\/guadeloupe\/wp-json\/wp\/v2\/media?parent=98"}],"curies":[{"name":"wp","href":"https:\/\/api.w.org\/{rel}","templated":true}]}}