{"id":1448,"date":"2020-08-28T14:47:39","date_gmt":"2020-08-28T14:47:39","guid":{"rendered":"https:\/\/altosor-communication-martinique.com\/?page_id=1448"},"modified":"2022-08-04T12:04:20","modified_gmt":"2022-08-04T10:04:20","slug":"devenez-parrain","status":"publish","type":"page","link":"https:\/\/www.altosor-communication.com\/martinique\/devenez-parrain\/","title":{"rendered":"Devenez parrain"},"content":{"rendered":"\t\t<div data-elementor-type=\"wp-page\" data-elementor-id=\"1448\" class=\"elementor elementor-1448\" data-elementor-post-type=\"page\">\n\t\t\t\t\t\t<section class=\"elementor-section elementor-top-section elementor-element elementor-element-294a231e elementor-reverse-mobile elementor-section-content-space-around elementor-section-stretched elementor-section-boxed elementor-section-height-default elementor-section-height-default\" data-id=\"294a231e\" data-element_type=\"section\" data-e-type=\"section\" data-settings=\"{&quot;jet_parallax_layout_list&quot;:[{&quot;jet_parallax_layout_image&quot;:{&quot;url&quot;:&quot;&quot;,&quot;id&quot;:&quot;&quot;,&quot;size&quot;:&quot;&quot;},&quot;_id&quot;:&quot;008875a&quot;,&quot;jet_parallax_layout_image_tablet&quot;:{&quot;url&quot;:&quot;&quot;,&quot;id&quot;:&quot;&quot;,&quot;size&quot;:&quot;&quot;},&quot;jet_parallax_layout_image_mobile&quot;:{&quot;url&quot;:&quot;&quot;,&quot;id&quot;:&quot;&quot;,&quot;size&quot;:&quot;&quot;},&quot;jet_parallax_layout_speed&quot;:{&quot;unit&quot;:&quot;%&quot;,&quot;size&quot;:50,&quot;sizes&quot;:[]},&quot;jet_parallax_layout_type&quot;:&quot;scroll&quot;,&quot;jet_parallax_layout_direction&quot;:&quot;1&quot;,&quot;jet_parallax_layout_fx_direction&quot;:null,&quot;jet_parallax_layout_z_index&quot;:&quot;&quot;,&quot;jet_parallax_layout_bg_x&quot;:50,&quot;jet_parallax_layout_bg_x_tablet&quot;:&quot;&quot;,&quot;jet_parallax_layout_bg_x_mobile&quot;:&quot;&quot;,&quot;jet_parallax_layout_bg_y&quot;:50,&quot;jet_parallax_layout_bg_y_tablet&quot;:&quot;&quot;,&quot;jet_parallax_layout_bg_y_mobile&quot;:&quot;&quot;,&quot;jet_parallax_layout_bg_size&quot;:&quot;auto&quot;,&quot;jet_parallax_layout_bg_size_tablet&quot;:&quot;&quot;,&quot;jet_parallax_layout_bg_size_mobile&quot;:&quot;&quot;,&quot;jet_parallax_layout_animation_prop&quot;:&quot;transform&quot;,&quot;jet_parallax_layout_on&quot;:[&quot;desktop&quot;,&quot;tablet&quot;]}],&quot;stretch_section&quot;:&quot;section-stretched&quot;,&quot;background_background&quot;:&quot;classic&quot;}\">\n\t\t\t\t\t\t<div class=\"elementor-container elementor-column-gap-default\">\n\t\t\t\t\t<div class=\"elementor-column elementor-col-100 elementor-top-column elementor-element elementor-element-230ef6ae\" data-id=\"230ef6ae\" data-element_type=\"column\" data-e-type=\"column\">\n\t\t\t<div class=\"elementor-widget-wrap elementor-element-populated\">\n\t\t\t\t\t\t<div class=\"elementor-element elementor-element-8ba4986 elementor-widget elementor-widget-heading\" data-id=\"8ba4986\" data-element_type=\"widget\" data-e-type=\"widget\" data-widget_type=\"heading.default\">\n\t\t\t\t<div class=\"elementor-widget-container\">\n\t\t\t\t\t<h1 class=\"elementor-heading-title elementor-size-default\">Offre de parrainage Altosor<\/h1>\t\t\t\t<\/div>\n\t\t\t\t<\/div>\n\t\t\t\t<div class=\"elementor-element elementor-element-25502a1 elementor-widget elementor-widget-heading\" data-id=\"25502a1\" data-element_type=\"widget\" data-e-type=\"widget\" data-widget_type=\"heading.default\">\n\t\t\t\t<div class=\"elementor-widget-container\">\n\t\t\t\t\t<h3 class=\"elementor-heading-title elementor-size-default\">Parlez de nous et gagnez 1 mois d\u2019abonnement gratuit !\n<\/h3>\t\t\t\t<\/div>\n\t\t\t\t<\/div>\n\t\t\t\t<div class=\"elementor-element elementor-element-d0d946f elementor-widget elementor-widget-text-editor\" data-id=\"d0d946f\" data-element_type=\"widget\" data-e-type=\"widget\" data-widget_type=\"text-editor.default\">\n\t\t\t\t<div class=\"elementor-widget-container\">\n\t\t\t\t\t\t\t\t\t<p>\u2713 Vous \u00eates un abonn\u00e9 Altosor Communication Martinique qui met en avant son activit\u00e9 sur le site Voyage-s\u00e9jour-vol-martinique.com (VSVM) et vous avez envie de partager avec d\u2019autres entreprises du secteur touristique votre satisfaction au sujet de votre r\u00e9f\u00e9rencement SEO ?<\/p><p>\u2713 Vous constatez chaque mois un gain de visibilit\u00e9 gr\u00e2ce \u00e0 votre abonnement Altosor pour votre \u00e9tablissement, ses services et produits et vous rendez vert de jalousie tous vos concurrents gr\u00e2ce \u00e0 l&rsquo;agenda Martinique et au partage de vos \u00e9v\u00e8nements ?<\/p><p>Pour chaque filleul signant un contrat* d\u2019abonnement avec Altosor Communication Martinique, le parrain et le filleul b\u00e9n\u00e9ficient respectivement d\u2019un mois d\u2019abonnement offert \u00e9gal au montant mensuel de leur abonnement dans la limite de 50\u2009\u20ac par parrainage.<\/p><p>* Quel que soit le montant de l\u2019abonnement et les options choisis et dans la limite de six parrainages par an. Offre de parrainage r\u00e9serv\u00e9e aux entreprises et autoentrepreneurs dont l&rsquo;inscription est valid\u00e9e par le directeur de r\u00e9daction de Voyage-s\u00e9jour-vol-martinique.com.<\/p><h4><strong>Qui peut en profiter ?<\/strong><\/h4><p>L&rsquo;offre de parrainage r\u00e9serv\u00e9e \u00ab aux entreprises, associations, institutions, artisans et autoentrepreneurs\u00a0\u00bb<br \/>L&rsquo;offre de parrainage est valable en France m\u00e9tropolitaine et en Martinique, pour toute souscription par le(s) filleul(s) d\u2019un nouvel abonnement (toute personne non abonn\u00e9e \u00e0 Altosor Communication Martinique au cours des 3 derniers mois) d\u20191 an (12 mois + le mois en cours) ou de 2 ans (24 mois + le mois en cours) aux offres d\u2019abonnements R\u00e9f\u00e9rencement Martinique consultable <strong>sur cette page<\/strong>.<\/p><p>Le parrainage n&rsquo;est pas disponible pour les offres sans engagement ou qui font l\u2019objet d\u2019une souscription non r\u00e9mun\u00e9r\u00e9e.<\/p><p><strong>Faites d\u00e9couvrir les services Altosor Communication Martinique pour un r\u00e9f\u00e9rencement naturel SEO en Martinique<\/strong><\/p><h4>\u00a0<\/h4><h4>Comment \u00e7a fonctionne ?<\/h4><p>Invitez votre filleul \u00e0 s\u2019inscrire \u00e0 l\u2019annuaire Martinique et \u00e0 bien renseigner le nom de son parrain (votre entreprise).<br \/>Formulaire d\u2019inscription \u00e0 l\u2019annuaire Voyage-S\u00e9jour Vol-Martinique.com<\/p><p>Au moment de sa commande, le filleul doit indiquer son parrain en indiquant l\u2019URL de la page sur VSVM.<\/p><p><strong>Le parrain et le filleul gagnent chacun 1 mois d\u2019abonnement gratuit suppl\u00e9mentaire sur leur abonnement respectif !<\/strong><\/p><p>Nous vous tiendrons inform\u00e9 des \u00e9changes. Lorsque le contrat d\u2019abonnement avec votre filleul est conclu, nous vous cr\u00e9diterons d\u2019un mois suppl\u00e9mentaire sur votre abonnement en cours et vous ne le notifierons pas email. Votre filleul obtiendra \u00e9galement un mois suppl\u00e9mentaire \u00e0 sa p\u00e9riode contractuelle sur son nouvel abonnement.<\/p><p>N\u2019attendez plus pour partager la bonne nouvelle et profiter des abonnements Altosor Communication Martinique !<\/p>\t\t\t\t\t\t\t\t<\/div>\n\t\t\t\t<\/div>\n\t\t\t\t<div class=\"elementor-element elementor-element-ed1f06b elementor-widget elementor-widget-button\" data-id=\"ed1f06b\" data-element_type=\"widget\" data-e-type=\"widget\" data-widget_type=\"button.default\">\n\t\t\t\t<div class=\"elementor-widget-container\">\n\t\t\t\t\t\t\t\t\t<div class=\"elementor-button-wrapper\">\n\t\t\t\t\t<a class=\"elementor-button elementor-button-link elementor-size-sm\" href=\"https:\/\/www.altosor-communication.com\/martinique\/agence-marketing\/\">\n\t\t\t\t\t\t<span class=\"elementor-button-content-wrapper\">\n\t\t\t\t\t\t\t\t\t<span class=\"elementor-button-text\">Contactez-nous<\/span>\n\t\t\t\t\t<\/span>\n\t\t\t\t\t<\/a>\n\t\t\t\t<\/div>\n\t\t\t\t\t\t\t\t<\/div>\n\t\t\t\t<\/div>\n\t\t\t\t\t<\/div>\n\t\t<\/div>\n\t\t\t\t\t<\/div>\n\t\t<\/section>\n\t\t\t\t<\/div>\n\t\t","protected":false},"excerpt":{"rendered":"<p>Offre de parrainage Altosor Parlez de nous et gagnez 1 mois d\u2019abonnement gratuit ! \u2713 Vous \u00eates un abonn\u00e9 Altosor Communication Martinique qui met en avant son activit\u00e9 sur le site Voyage-s\u00e9jour-vol-martinique.com (VSVM) et vous avez envie de partager avec d\u2019autres entreprises du secteur touristique votre satisfaction au sujet de votre r\u00e9f\u00e9rencement SEO ? \u2713 [&hellip;]<\/p>\n","protected":false},"author":1,"featured_media":600,"parent":0,"menu_order":100,"comment_status":"closed","ping_status":"closed","template":"elementor_header_footer","meta":{"footnotes":""},"class_list":["post-1448","page","type-page","status-publish","has-post-thumbnail","hentry"],"_links":{"self":[{"href":"https:\/\/www.altosor-communication.com\/martinique\/wp-json\/wp\/v2\/pages\/1448","targetHints":{"allow":["GET"]}}],"collection":[{"href":"https:\/\/www.altosor-communication.com\/martinique\/wp-json\/wp\/v2\/pages"}],"about":[{"href":"https:\/\/www.altosor-communication.com\/martinique\/wp-json\/wp\/v2\/types\/page"}],"author":[{"embeddable":true,"href":"https:\/\/www.altosor-communication.com\/martinique\/wp-json\/wp\/v2\/users\/1"}],"replies":[{"embeddable":true,"href":"https:\/\/www.altosor-communication.com\/martinique\/wp-json\/wp\/v2\/comments?post=1448"}],"version-history":[{"count":0,"href":"https:\/\/www.altosor-communication.com\/martinique\/wp-json\/wp\/v2\/pages\/1448\/revisions"}],"wp:featuredmedia":[{"embeddable":true,"href":"https:\/\/www.altosor-communication.com\/martinique\/wp-json\/wp\/v2\/media\/600"}],"wp:attachment":[{"href":"https:\/\/www.altosor-communication.com\/martinique\/wp-json\/wp\/v2\/media?parent=1448"}],"curies":[{"name":"wp","href":"https:\/\/api.w.org\/{rel}","templated":true}]}}